{"id":2,"date":"2023-04-20T05:55:26","date_gmt":"2023-04-20T05:55:26","guid":{"rendered":"https:\/\/kalkreuth2025.de\/?page_id=2"},"modified":"2025-07-15T19:56:27","modified_gmt":"2025-07-15T19:56:27","slug":"sample-page","status":"publish","type":"page","link":"https:\/\/kalkreuth2025.de\/?page_id=2","title":{"rendered":"Programm"},"content":{"rendered":"\t\t<div data-elementor-type=\"wp-page\" data-elementor-id=\"2\" class=\"elementor elementor-2\">\n\t\t\t\t<div class=\"elementor-element elementor-element-bc45269 e-flex e-con-boxed e-con e-parent\" data-id=\"bc45269\" data-element_type=\"container\" data-e-type=\"container\">\n\t\t\t\t\t<div class=\"e-con-inner\">\n\t\t\t\t<div class=\"elementor-element elementor-element-b7e09e5 elementor-widget elementor-widget-heading\" data-id=\"b7e09e5\" data-element_type=\"widget\" data-e-type=\"widget\" data-widget_type=\"heading.default\">\n\t\t\t\t\t<h1 class=\"elementor-heading-title elementor-size-default\">800 Jahre Kalkreuth | 29. - 31. August 2025\n<\/h1>\t\t\t\t<\/div>\n\t\t\t\t<div class=\"elementor-element elementor-element-5370ad5 elementor-widget elementor-widget-heading\" data-id=\"5370ad5\" data-element_type=\"widget\" data-e-type=\"widget\" data-widget_type=\"heading.default\">\n\t\t\t\t\t<h3 class=\"elementor-heading-title elementor-size-default\">Sportplatz Kalkreuth<\/h3>\t\t\t\t<\/div>\n\t\t\t\t\t<\/div>\n\t\t\t\t<\/div>\n\t\t<div class=\"elementor-element elementor-element-e0d0866 e-flex e-con-boxed e-con e-parent\" data-id=\"e0d0866\" data-element_type=\"container\" data-e-type=\"container\">\n\t\t\t\t\t<div class=\"e-con-inner\">\n\t\t\t\t<div class=\"elementor-element elementor-element-a162a8e elementor-widget elementor-widget-text-editor\" data-id=\"a162a8e\" data-element_type=\"widget\" data-e-type=\"widget\" data-widget_type=\"text-editor.default\">\n\t\t\t\t\t\t\t\t\t<p><strong>Freitag, 29.08.<\/strong><\/p>\n<table>\n<tbody>\n<tr>\n<td valign=\"top\">14.00 Uhr<\/td>\n<td>\u201e120 Jahre Kita Kalkreuth\u201c Abschluss Neubau und Sanierung im Kindergarten mit Modenschau, Ausstellung, Kaffee &amp; Kuchen<\/td>\n<\/tr>\n<tr>\n<td valign=\"top\">17.30 Uhr<\/td>\n<td>Lampionumzug vom Kindergarten zum Festgel\u00e4nde am Sportplatz<\/td>\n<\/tr>\n<tr>\n<td width=\"20%\">18.00 Uhr<\/td>\n<td valign=\"top\">\u201eKalkreuth grillt!\u201c<\/td>\n<\/tr>\n<tr>\n<td valign=\"top\">19.00 Uhr<\/td>\n<td>Kinderdisco<\/td>\n<\/tr>\n<tr>\n<td valign=\"top\">21.00 Uhr<\/td>\n<td>\u201eKalkreuth feiert!\u201c &#8211; Dorfdisko vom Allerfeinsten &#8211; ab 16 Jahre<\/td>\n<\/tr>\n<\/tbody>\n<\/table>\n<p><strong>Samstag, 30.08.<\/strong><\/p>\n<table>\n<tbody>\n<tr>\n<td valign=\"top\">10.00 Uhr<\/td>\n<td>Ehemaligentreffen zum 75-j\u00e4hrigen Schuljubil\u00e4um mit Schulf\u00fchrungen, Ausstellung zur Schulgeschichte und Mittagessen<\/td>\n<\/tr>\n<tr>\n<td valign=\"top\">13.00 Uhr<\/td>\n<td>Kutschfahrten durchs historische Kalkreuth<\/td>\n<\/tr>\n<tr>\n<td valign=\"top\" width=\"20%\">14.00 Uhr<\/td>\n<td>Programm der Volksbank Raiffeisenbank Mei\u00dfen Gro\u00dfenhain eG<br \/># Auftritte verschiedener Gruppen und Vereine<br \/># Spielstra\u00dfe f\u00fcr Kinder inkl. H\u00fcpfburg<br \/># Kaffee &amp; Kuchen im Festzelt<\/td>\n<\/tr>\n<tr>\n<td valign=\"top\">19.00 Uhr<\/td>\n<td>Festveranstaltung \u201e800 Jahre Kalkreuth\u201c<br \/># Festrede<br \/># Programm \u201eVon Kalkreuthern f\u00fcr Kalkreuther\u201c<br \/># Disco<br \/># Caterer bis 22.00 Uhr<\/td>\n<\/tr>\n<\/tbody>\n<\/table>\n<p><strong>Sonntag, 29.08.<\/strong><\/p>\n<table>\n<tbody>\n<tr>\n<td valign=\"top\">10.00 Uhr<\/td>\n<td>Gottesdienst im Festzelt<\/td>\n<\/tr>\n<tr>\n<td valign=\"top\">11.00 Uhr<\/td>\n<td>Treffen ehemaliger VEG-Lehrlinge<\/td>\n<\/tr>\n<tr>\n<td width=\"20%\">11.00 Uhr<\/td>\n<td valign=\"top\">Kinderprogramm mit Winni Rudolf<\/td>\n<\/tr>\n<tr>\n<td valign=\"top\">11.00 Uhr<\/td>\n<td>Kutschfahrten durchs historische Kalkreuth<\/td>\n<\/tr>\n<tr>\n<td valign=\"top\">11.30 Uhr<\/td>\n<td>Livemusik &amp; Fr\u00fchschoppen \u201eNiederlausitzer Blasmusikanten\u201c<\/td>\n<\/tr>\n<tr>\n<td valign=\"top\">14.00 Uhr<\/td>\n<td>Kaffee &amp; Kuchen im Festzelt<\/td>\n<\/tr>\n<tr>\n<td valign=\"top\">14.30 Uhr<\/td>\n<td>Wettkampf der Kalkreuther Ortsteile<\/td>\n<\/tr>\n<tr>\n<td valign=\"top\">16.00 Uhr<\/td>\n<td>Pr\u00e4mierung Wettkampf und der am sch\u00f6nsten geschm\u00fcckten Grundst\u00fccke<\/td>\n<\/tr>\n<\/tbody>\n<\/table>\t\t\t\t\t\t\t\t<\/div>\n\t\t\t\t\t<\/div>\n\t\t\t\t<\/div>\n\t\t\t\t<\/div>\n\t\t","protected":false},"excerpt":{"rendered":"<p>800 Jahre Kalkreuth | 29. &#8211; 31. August 2025 Sportplatz Kalkreuth Freitag, 29.08. 14.00 Uhr \u201e120 Jahre Kita Kalkreuth\u201c Abschluss Neubau und Sanierung im Kindergarten mit Modenschau, Ausstellung, Kaffee &amp; Kuchen 17.30 Uhr Lampionumzug vom Kindergarten zum Festgel\u00e4nde am Sportplatz 18.00 Uhr \u201eKalkreuth grillt!\u201c 19.00 Uhr Kinderdisco 21.00 Uhr \u201eKalkreuth feiert!\u201c &#8211; Dorfdisko vom Allerfeinsten &hellip; <\/p>\n<p class=\"link-more\"><a href=\"https:\/\/kalkreuth2025.de\/?page_id=2\" class=\"more-link\">Mehr <span class=\"screen-reader-text\">\u00fcber &#8222;Programm&#8220; <\/span>Lesen<\/a><\/p>\n","protected":false},"author":1,"featured_media":36,"parent":0,"menu_order":0,"comment_status":"closed","ping_status":"open","template":"","meta":{"inspiro_hide_title":false,"footnotes":""},"class_list":["post-2","page","type-page","status-publish","has-post-thumbnail","hentry"],"featured_media_urls":{"thumbnail":["https:\/\/kalkreuth2025.de\/wp-content\/uploads\/2025\/07\/banner-150x150.jpg",150,150,true],"medium":["https:\/\/kalkreuth2025.de\/wp-content\/uploads\/2025\/07\/banner-300x169.jpg",300,169,true],"medium_large":["https:\/\/kalkreuth2025.de\/wp-content\/uploads\/2025\/07\/banner.jpg",768,432,false],"large":["https:\/\/kalkreuth2025.de\/wp-content\/uploads\/2025\/07\/banner-1024x576.jpg",950,534,true],"1536x1536":["https:\/\/kalkreuth2025.de\/wp-content\/uploads\/2025\/07\/banner-1536x864.jpg",1536,864,true],"2048x2048":["https:\/\/kalkreuth2025.de\/wp-content\/uploads\/2025\/07\/banner.jpg",2000,1125,false],"inspiro-featured-image":["https:\/\/kalkreuth2025.de\/wp-content\/uploads\/2025\/07\/banner.jpg",2000,1125,false],"inspiro-loop":["https:\/\/kalkreuth2025.de\/wp-content\/uploads\/2025\/07\/banner-950x320.jpg",950,320,true],"inspiro-loop@2x":["https:\/\/kalkreuth2025.de\/wp-content\/uploads\/2025\/07\/banner-1900x640.jpg",1900,640,true],"portfolio_item-thumbnail":["https:\/\/kalkreuth2025.de\/wp-content\/uploads\/2025\/07\/banner-600x400.jpg",600,400,true],"portfolio_item-thumbnail@2x":["https:\/\/kalkreuth2025.de\/wp-content\/uploads\/2025\/07\/banner-1200x800.jpg",1200,800,true],"portfolio_item-masonry":["https:\/\/kalkreuth2025.de\/wp-content\/uploads\/2025\/07\/banner-600x338.jpg",600,338,true],"portfolio_item-masonry@2x":["https:\/\/kalkreuth2025.de\/wp-content\/uploads\/2025\/07\/banner-1200x675.jpg",1200,675,true],"portfolio_item-thumbnail_cinema":["https:\/\/kalkreuth2025.de\/wp-content\/uploads\/2025\/07\/banner-800x335.jpg",800,335,true],"portfolio_item-thumbnail_portrait":["https:\/\/kalkreuth2025.de\/wp-content\/uploads\/2025\/07\/banner-600x900.jpg",600,900,true],"portfolio_item-thumbnail_portrait@2x":["https:\/\/kalkreuth2025.de\/wp-content\/uploads\/2025\/07\/banner-1200x1125.jpg",1200,1125,true],"portfolio_item-thumbnail_square":["https:\/\/kalkreuth2025.de\/wp-content\/uploads\/2025\/07\/banner-800x800.jpg",800,800,true]},"_links":{"self":[{"href":"https:\/\/kalkreuth2025.de\/index.php?rest_route=\/wp\/v2\/pages\/2","targetHints":{"allow":["GET"]}}],"collection":[{"href":"https:\/\/kalkreuth2025.de\/index.php?rest_route=\/wp\/v2\/pages"}],"about":[{"href":"https:\/\/kalkreuth2025.de\/index.php?rest_route=\/wp\/v2\/types\/page"}],"author":[{"embeddable":true,"href":"https:\/\/kalkreuth2025.de\/index.php?rest_route=\/wp\/v2\/users\/1"}],"replies":[{"embeddable":true,"href":"https:\/\/kalkreuth2025.de\/index.php?rest_route=%2Fwp%2Fv2%2Fcomments&post=2"}],"version-history":[{"count":39,"href":"https:\/\/kalkreuth2025.de\/index.php?rest_route=\/wp\/v2\/pages\/2\/revisions"}],"predecessor-version":[{"id":134,"href":"https:\/\/kalkreuth2025.de\/index.php?rest_route=\/wp\/v2\/pages\/2\/revisions\/134"}],"wp:featuredmedia":[{"embeddable":true,"href":"https:\/\/kalkreuth2025.de\/index.php?rest_route=\/wp\/v2\/media\/36"}],"wp:attachment":[{"href":"https:\/\/kalkreuth2025.de\/index.php?rest_route=%2Fwp%2Fv2%2Fmedia&parent=2"}],"curies":[{"name":"wp","href":"https:\/\/api.w.org\/{rel}","templated":true}]}}