{"id":135,"date":"2025-07-15T20:00:03","date_gmt":"2025-07-15T20:00:03","guid":{"rendered":"https:\/\/kalkreuth2025.de\/?page_id=135"},"modified":"2025-07-15T20:01:34","modified_gmt":"2025-07-15T20:01:34","slug":"staerkste-kalkreuther","status":"publish","type":"page","link":"https:\/\/kalkreuth2025.de\/?page_id=135","title":{"rendered":"St\u00e4rkste Kalkreuther"},"content":{"rendered":"\t\t<div data-elementor-type=\"wp-page\" data-elementor-id=\"135\" class=\"elementor elementor-135\">\n\t\t\t\t<div class=\"elementor-element elementor-element-f253ce7 e-flex e-con-boxed e-con e-parent\" data-id=\"f253ce7\" data-element_type=\"container\" data-e-type=\"container\">\n\t\t\t\t\t<div class=\"e-con-inner\">\n\t\t<div class=\"elementor-element elementor-element-c6e61da e-con-full e-flex e-con e-child\" data-id=\"c6e61da\" data-element_type=\"container\" data-e-type=\"container\">\n\t\t\t\t<div class=\"elementor-element elementor-element-c236b00 elementor-widget elementor-widget-text-editor\" data-id=\"c236b00\" data-element_type=\"widget\" data-e-type=\"widget\" data-widget_type=\"text-editor.default\">\n\t\t\t\t\t\t\t\t\t<p><strong>Wettkampf der Ortsteile und Stra\u00dfen<\/strong><\/p><p>Gesucht wird die st\u00e4rkste Stra\u00dfe, der st\u00e4rkste Ortsteil! Teams aus 5 Personen treten im Tauziehen gegeneinander an und k\u00e4mpfen um den Titel \u201eKalkreuths st\u00e4rkste Stra\u00dfe\u201c. Mitmachen kann jeder Kalkreuther und jede Kalkreutherin. Das Gewinnerteam erh\u00e4lt f\u00fcr 1 Jahr den Titel und darf das ganz \u00f6ffentlich zeigen. Zum n\u00e4chsten Schafbr\u00fcckenfest im Jahr 2026 wird der Titel neu ausgefochten. Anmeldung bis 31.08. &#8211; 14.00 Uhr. Wettbewerbsstart um 14.30 Uhr auf dem Sportplatz.<\/p>\t\t\t\t\t\t\t\t<\/div>\n\t\t\t\t<\/div>\n\t\t\t\t<div class=\"elementor-element elementor-element-1b55467 elementor-widget elementor-widget-image\" data-id=\"1b55467\" data-element_type=\"widget\" data-e-type=\"widget\" data-widget_type=\"image.default\">\n\t\t\t\t\t\t\t\t\t\t\t\t\t\t\t<img fetchpriority=\"high\" decoding=\"async\" width=\"950\" height=\"634\" src=\"https:\/\/kalkreuth2025.de\/wp-content\/uploads\/2025\/07\/ChatGPT-Image-20.-Mai-2025-18_32_15-1024x683.jpg\" class=\"attachment-large size-large wp-image-137\" alt=\"\" srcset=\"https:\/\/kalkreuth2025.de\/wp-content\/uploads\/2025\/07\/ChatGPT-Image-20.-Mai-2025-18_32_15-1024x683.jpg 1024w, https:\/\/kalkreuth2025.de\/wp-content\/uploads\/2025\/07\/ChatGPT-Image-20.-Mai-2025-18_32_15-300x200.jpg 300w, https:\/\/kalkreuth2025.de\/wp-content\/uploads\/2025\/07\/ChatGPT-Image-20.-Mai-2025-18_32_15-600x400.jpg 600w, https:\/\/kalkreuth2025.de\/wp-content\/uploads\/2025\/07\/ChatGPT-Image-20.-Mai-2025-18_32_15-1200x800.jpg 1200w, https:\/\/kalkreuth2025.de\/wp-content\/uploads\/2025\/07\/ChatGPT-Image-20.-Mai-2025-18_32_15.jpg 1536w\" sizes=\"100vw\" \/>\t\t\t\t\t\t\t\t\t\t\t\t\t\t\t<\/div>\n\t\t\t\t\t<\/div>\n\t\t\t\t<\/div>\n\t\t\t\t<\/div>\n\t\t","protected":false},"excerpt":{"rendered":"<p>Wettkampf der Ortsteile und Stra\u00dfen Gesucht wird die st\u00e4rkste Stra\u00dfe, der st\u00e4rkste Ortsteil! Teams aus 5 Personen treten im Tauziehen gegeneinander an und k\u00e4mpfen um den Titel \u201eKalkreuths st\u00e4rkste Stra\u00dfe\u201c. Mitmachen kann jeder Kalkreuther und jede Kalkreutherin. Das Gewinnerteam erh\u00e4lt f\u00fcr 1 Jahr den Titel und darf das ganz \u00f6ffentlich zeigen. Zum n\u00e4chsten Schafbr\u00fcckenfest im &hellip; <\/p>\n<p class=\"link-more\"><a href=\"https:\/\/kalkreuth2025.de\/?page_id=135\" class=\"more-link\">Mehr <span class=\"screen-reader-text\">\u00fcber &#8222;St\u00e4rkste Kalkreuther&#8220; <\/span>Lesen<\/a><\/p>\n","protected":false},"author":1,"featured_media":137,"parent":0,"menu_order":0,"comment_status":"closed","ping_status":"closed","template":"","meta":{"inspiro_hide_title":false,"footnotes":""},"class_list":["post-135","page","type-page","status-publish","has-post-thumbnail","hentry"],"featured_media_urls":{"thumbnail":["https:\/\/kalkreuth2025.de\/wp-content\/uploads\/2025\/07\/ChatGPT-Image-20.-Mai-2025-18_32_15-150x150.jpg",150,150,true],"medium":["https:\/\/kalkreuth2025.de\/wp-content\/uploads\/2025\/07\/ChatGPT-Image-20.-Mai-2025-18_32_15-300x200.jpg",300,200,true],"medium_large":["https:\/\/kalkreuth2025.de\/wp-content\/uploads\/2025\/07\/ChatGPT-Image-20.-Mai-2025-18_32_15.jpg",768,512,false],"large":["https:\/\/kalkreuth2025.de\/wp-content\/uploads\/2025\/07\/ChatGPT-Image-20.-Mai-2025-18_32_15-1024x683.jpg",950,634,true],"1536x1536":["https:\/\/kalkreuth2025.de\/wp-content\/uploads\/2025\/07\/ChatGPT-Image-20.-Mai-2025-18_32_15.jpg",1536,1024,false],"2048x2048":["https:\/\/kalkreuth2025.de\/wp-content\/uploads\/2025\/07\/ChatGPT-Image-20.-Mai-2025-18_32_15.jpg",1536,1024,false],"inspiro-featured-image":["https:\/\/kalkreuth2025.de\/wp-content\/uploads\/2025\/07\/ChatGPT-Image-20.-Mai-2025-18_32_15.jpg",1536,1024,false],"inspiro-loop":["https:\/\/kalkreuth2025.de\/wp-content\/uploads\/2025\/07\/ChatGPT-Image-20.-Mai-2025-18_32_15-950x320.jpg",950,320,true],"inspiro-loop@2x":["https:\/\/kalkreuth2025.de\/wp-content\/uploads\/2025\/07\/ChatGPT-Image-20.-Mai-2025-18_32_15-1536x640.jpg",1536,640,true],"portfolio_item-thumbnail":["https:\/\/kalkreuth2025.de\/wp-content\/uploads\/2025\/07\/ChatGPT-Image-20.-Mai-2025-18_32_15-600x400.jpg",600,400,true],"portfolio_item-thumbnail@2x":["https:\/\/kalkreuth2025.de\/wp-content\/uploads\/2025\/07\/ChatGPT-Image-20.-Mai-2025-18_32_15-1200x800.jpg",1200,800,true],"portfolio_item-masonry":["https:\/\/kalkreuth2025.de\/wp-content\/uploads\/2025\/07\/ChatGPT-Image-20.-Mai-2025-18_32_15-600x400.jpg",600,400,true],"portfolio_item-masonry@2x":["https:\/\/kalkreuth2025.de\/wp-content\/uploads\/2025\/07\/ChatGPT-Image-20.-Mai-2025-18_32_15-1200x800.jpg",1200,800,true],"portfolio_item-thumbnail_cinema":["https:\/\/kalkreuth2025.de\/wp-content\/uploads\/2025\/07\/ChatGPT-Image-20.-Mai-2025-18_32_15-800x335.jpg",800,335,true],"portfolio_item-thumbnail_portrait":["https:\/\/kalkreuth2025.de\/wp-content\/uploads\/2025\/07\/ChatGPT-Image-20.-Mai-2025-18_32_15-600x900.jpg",600,900,true],"portfolio_item-thumbnail_portrait@2x":["https:\/\/kalkreuth2025.de\/wp-content\/uploads\/2025\/07\/ChatGPT-Image-20.-Mai-2025-18_32_15-1200x1024.jpg",1200,1024,true],"portfolio_item-thumbnail_square":["https:\/\/kalkreuth2025.de\/wp-content\/uploads\/2025\/07\/ChatGPT-Image-20.-Mai-2025-18_32_15-800x800.jpg",800,800,true]},"_links":{"self":[{"href":"https:\/\/kalkreuth2025.de\/index.php?rest_route=\/wp\/v2\/pages\/135","targetHints":{"allow":["GET"]}}],"collection":[{"href":"https:\/\/kalkreuth2025.de\/index.php?rest_route=\/wp\/v2\/pages"}],"about":[{"href":"https:\/\/kalkreuth2025.de\/index.php?rest_route=\/wp\/v2\/types\/page"}],"author":[{"embeddable":true,"href":"https:\/\/kalkreuth2025.de\/index.php?rest_route=\/wp\/v2\/users\/1"}],"replies":[{"embeddable":true,"href":"https:\/\/kalkreuth2025.de\/index.php?rest_route=%2Fwp%2Fv2%2Fcomments&post=135"}],"version-history":[{"count":4,"href":"https:\/\/kalkreuth2025.de\/index.php?rest_route=\/wp\/v2\/pages\/135\/revisions"}],"predecessor-version":[{"id":140,"href":"https:\/\/kalkreuth2025.de\/index.php?rest_route=\/wp\/v2\/pages\/135\/revisions\/140"}],"wp:featuredmedia":[{"embeddable":true,"href":"https:\/\/kalkreuth2025.de\/index.php?rest_route=\/wp\/v2\/media\/137"}],"wp:attachment":[{"href":"https:\/\/kalkreuth2025.de\/index.php?rest_route=%2Fwp%2Fv2%2Fmedia&parent=135"}],"curies":[{"name":"wp","href":"https:\/\/api.w.org\/{rel}","templated":true}]}}