{"id":118,"date":"2025-07-15T19:46:29","date_gmt":"2025-07-15T19:46:29","guid":{"rendered":"https:\/\/kalkreuth2025.de\/?page_id=118"},"modified":"2025-07-15T19:55:43","modified_gmt":"2025-07-15T19:55:43","slug":"kalkreuth-schmueckt-sich","status":"publish","type":"page","link":"https:\/\/kalkreuth2025.de\/?page_id=118","title":{"rendered":"Kalkreuth schm\u00fcckt sich"},"content":{"rendered":"\t\t<div data-elementor-type=\"wp-page\" data-elementor-id=\"118\" class=\"elementor elementor-118\">\n\t\t\t\t<div class=\"elementor-element elementor-element-f253ce7 e-flex e-con-boxed e-con e-parent\" data-id=\"f253ce7\" data-element_type=\"container\" data-e-type=\"container\">\n\t\t\t\t\t<div class=\"e-con-inner\">\n\t\t<div class=\"elementor-element elementor-element-c6e61da e-con-full e-flex e-con e-child\" data-id=\"c6e61da\" data-element_type=\"container\" data-e-type=\"container\">\n\t\t\t\t<div class=\"elementor-element elementor-element-c236b00 elementor-widget elementor-widget-text-editor\" data-id=\"c236b00\" data-element_type=\"widget\" data-e-type=\"widget\" data-widget_type=\"text-editor.default\">\n\t\t\t\t\t\t\t\t\t<p><strong>\u201e800 Jahre Kalkreuth &#8211; die Geschichte eines Dorfes\u201c<\/strong><\/p><p>Unser kleiner Ort hat wahrlich eine lange und bewegte Geschichte. Wir laden hiermit unsere B\u00fcrger ein diese Geschichte lebendig werden zu lassen &#8211; in historischen Bildern. Jeder und Jede ist eingeladen auf seinem Grundst\u00fcck gut sichtbar ein St\u00fcck der Geschichte von Kalkreuth darzustellen. Als Hauptpreis f\u00fcr die sch\u00f6nsten Bilder winken attraktive Preise. Anmeldung eines Bildes per Mail an <a href=\"mailto:bilder@kalkreuth2025.de\">bilder@kalkreuth2025.de<\/a> vom 20.07. bis 20.08.2025.<\/p><p>Eine unabh\u00e4ngige Jury wird die Bilder und Gestaltungen ab dem 28.08. beurteilen. Und gern laden wir alle Besucher und Kalkreuther ein, sich diese Bilder alle selber anzuschauen.<\/p>\t\t\t\t\t\t\t\t<\/div>\n\t\t\t\t<\/div>\n\t\t\t\t<div class=\"elementor-element elementor-element-1b55467 elementor-widget elementor-widget-image\" data-id=\"1b55467\" data-element_type=\"widget\" data-e-type=\"widget\" data-widget_type=\"image.default\">\n\t\t\t\t\t\t\t\t\t\t\t\t\t\t\t<img fetchpriority=\"high\" decoding=\"async\" width=\"950\" height=\"634\" src=\"https:\/\/kalkreuth2025.de\/wp-content\/uploads\/2025\/07\/ChatGPT-Image-20.-Mai-2025-18_22_04-1024x683.jpg\" class=\"attachment-large size-large wp-image-123\" alt=\"\" srcset=\"https:\/\/kalkreuth2025.de\/wp-content\/uploads\/2025\/07\/ChatGPT-Image-20.-Mai-2025-18_22_04-1024x683.jpg 1024w, https:\/\/kalkreuth2025.de\/wp-content\/uploads\/2025\/07\/ChatGPT-Image-20.-Mai-2025-18_22_04-300x200.jpg 300w, https:\/\/kalkreuth2025.de\/wp-content\/uploads\/2025\/07\/ChatGPT-Image-20.-Mai-2025-18_22_04-600x400.jpg 600w, https:\/\/kalkreuth2025.de\/wp-content\/uploads\/2025\/07\/ChatGPT-Image-20.-Mai-2025-18_22_04-1200x800.jpg 1200w, https:\/\/kalkreuth2025.de\/wp-content\/uploads\/2025\/07\/ChatGPT-Image-20.-Mai-2025-18_22_04.jpg 1536w\" sizes=\"100vw\" \/>\t\t\t\t\t\t\t\t\t\t\t\t\t\t\t<\/div>\n\t\t\t\t\t<\/div>\n\t\t\t\t<\/div>\n\t\t\t\t<\/div>\n\t\t","protected":false},"excerpt":{"rendered":"<p>\u201e800 Jahre Kalkreuth &#8211; die Geschichte eines Dorfes\u201c Unser kleiner Ort hat wahrlich eine lange und bewegte Geschichte. Wir laden hiermit unsere B\u00fcrger ein diese Geschichte lebendig werden zu lassen &#8211; in historischen Bildern. Jeder und Jede ist eingeladen auf seinem Grundst\u00fcck gut sichtbar ein St\u00fcck der Geschichte von Kalkreuth darzustellen. Als Hauptpreis f\u00fcr die &hellip; <\/p>\n<p class=\"link-more\"><a href=\"https:\/\/kalkreuth2025.de\/?page_id=118\" class=\"more-link\">Mehr <span class=\"screen-reader-text\">\u00fcber &#8222;Kalkreuth schm\u00fcckt sich&#8220; <\/span>Lesen<\/a><\/p>\n","protected":false},"author":1,"featured_media":123,"parent":0,"menu_order":0,"comment_status":"closed","ping_status":"closed","template":"","meta":{"inspiro_hide_title":false,"footnotes":""},"class_list":["post-118","page","type-page","status-publish","has-post-thumbnail","hentry"],"featured_media_urls":{"thumbnail":["https:\/\/kalkreuth2025.de\/wp-content\/uploads\/2025\/07\/ChatGPT-Image-20.-Mai-2025-18_22_04-150x150.jpg",150,150,true],"medium":["https:\/\/kalkreuth2025.de\/wp-content\/uploads\/2025\/07\/ChatGPT-Image-20.-Mai-2025-18_22_04-300x200.jpg",300,200,true],"medium_large":["https:\/\/kalkreuth2025.de\/wp-content\/uploads\/2025\/07\/ChatGPT-Image-20.-Mai-2025-18_22_04.jpg",768,512,false],"large":["https:\/\/kalkreuth2025.de\/wp-content\/uploads\/2025\/07\/ChatGPT-Image-20.-Mai-2025-18_22_04-1024x683.jpg",950,634,true],"1536x1536":["https:\/\/kalkreuth2025.de\/wp-content\/uploads\/2025\/07\/ChatGPT-Image-20.-Mai-2025-18_22_04.jpg",1536,1024,false],"2048x2048":["https:\/\/kalkreuth2025.de\/wp-content\/uploads\/2025\/07\/ChatGPT-Image-20.-Mai-2025-18_22_04.jpg",1536,1024,false],"inspiro-featured-image":["https:\/\/kalkreuth2025.de\/wp-content\/uploads\/2025\/07\/ChatGPT-Image-20.-Mai-2025-18_22_04.jpg",1536,1024,false],"inspiro-loop":["https:\/\/kalkreuth2025.de\/wp-content\/uploads\/2025\/07\/ChatGPT-Image-20.-Mai-2025-18_22_04-950x320.jpg",950,320,true],"inspiro-loop@2x":["https:\/\/kalkreuth2025.de\/wp-content\/uploads\/2025\/07\/ChatGPT-Image-20.-Mai-2025-18_22_04-1536x640.jpg",1536,640,true],"portfolio_item-thumbnail":["https:\/\/kalkreuth2025.de\/wp-content\/uploads\/2025\/07\/ChatGPT-Image-20.-Mai-2025-18_22_04-600x400.jpg",600,400,true],"portfolio_item-thumbnail@2x":["https:\/\/kalkreuth2025.de\/wp-content\/uploads\/2025\/07\/ChatGPT-Image-20.-Mai-2025-18_22_04-1200x800.jpg",1200,800,true],"portfolio_item-masonry":["https:\/\/kalkreuth2025.de\/wp-content\/uploads\/2025\/07\/ChatGPT-Image-20.-Mai-2025-18_22_04-600x400.jpg",600,400,true],"portfolio_item-masonry@2x":["https:\/\/kalkreuth2025.de\/wp-content\/uploads\/2025\/07\/ChatGPT-Image-20.-Mai-2025-18_22_04-1200x800.jpg",1200,800,true],"portfolio_item-thumbnail_cinema":["https:\/\/kalkreuth2025.de\/wp-content\/uploads\/2025\/07\/ChatGPT-Image-20.-Mai-2025-18_22_04-800x335.jpg",800,335,true],"portfolio_item-thumbnail_portrait":["https:\/\/kalkreuth2025.de\/wp-content\/uploads\/2025\/07\/ChatGPT-Image-20.-Mai-2025-18_22_04-600x900.jpg",600,900,true],"portfolio_item-thumbnail_portrait@2x":["https:\/\/kalkreuth2025.de\/wp-content\/uploads\/2025\/07\/ChatGPT-Image-20.-Mai-2025-18_22_04-1200x1024.jpg",1200,1024,true],"portfolio_item-thumbnail_square":["https:\/\/kalkreuth2025.de\/wp-content\/uploads\/2025\/07\/ChatGPT-Image-20.-Mai-2025-18_22_04-800x800.jpg",800,800,true]},"_links":{"self":[{"href":"https:\/\/kalkreuth2025.de\/index.php?rest_route=\/wp\/v2\/pages\/118","targetHints":{"allow":["GET"]}}],"collection":[{"href":"https:\/\/kalkreuth2025.de\/index.php?rest_route=\/wp\/v2\/pages"}],"about":[{"href":"https:\/\/kalkreuth2025.de\/index.php?rest_route=\/wp\/v2\/types\/page"}],"author":[{"embeddable":true,"href":"https:\/\/kalkreuth2025.de\/index.php?rest_route=\/wp\/v2\/users\/1"}],"replies":[{"embeddable":true,"href":"https:\/\/kalkreuth2025.de\/index.php?rest_route=%2Fwp%2Fv2%2Fcomments&post=118"}],"version-history":[{"count":9,"href":"https:\/\/kalkreuth2025.de\/index.php?rest_route=\/wp\/v2\/pages\/118\/revisions"}],"predecessor-version":[{"id":131,"href":"https:\/\/kalkreuth2025.de\/index.php?rest_route=\/wp\/v2\/pages\/118\/revisions\/131"}],"wp:featuredmedia":[{"embeddable":true,"href":"https:\/\/kalkreuth2025.de\/index.php?rest_route=\/wp\/v2\/media\/123"}],"wp:attachment":[{"href":"https:\/\/kalkreuth2025.de\/index.php?rest_route=%2Fwp%2Fv2%2Fmedia&parent=118"}],"curies":[{"name":"wp","href":"https:\/\/api.w.org\/{rel}","templated":true}]}}